{"id":1037,"date":"2025-01-14T13:18:23","date_gmt":"2025-01-14T13:18:23","guid":{"rendered":"https:\/\/mediumseagreen-hyena-321393.hostingersite.com\/?post_type=product&#038;p=1037"},"modified":"2025-10-21T14:31:53","modified_gmt":"2025-10-21T14:31:53","slug":"dolphin-royal-swim","status":"publish","type":"product","link":"https:\/\/destinycaribbeantours.com\/en\/product\/dolphin-royal-swim\/","title":{"rendered":"Dolphin Royal Swim"},"content":{"rendered":"<p>\ud83d\udc2c <strong>Unique interaction with two dolphins<\/strong><br \/>\n<strong>Destiny Caribbean Tours<\/strong> takes you to live the ultimate Caribbean experience:<\/p>\n<ul>\n<li><strong>Foot Push:<\/strong> Feel the dolphins propel you through the water with their fins.<\/li>\n<li><strong>Dorsal Tow:<\/strong> Hold on to their dorsal fins while swimming with them.<\/li>\n<li><strong>Snorkel with sharks and rays:<\/strong> Add excitement to your day by exploring marine life.<\/li>\n<\/ul>\n<p>Experience magical moments with these amazing mammals in a safe and respectful environment, an experience not to be missed!<\/p>\n<p><a href=\"http:\/\/destinycaribbeantours.com\/wp-content\/uploads\/2025\/01\/LogoMitur-2.svg\"><img loading=\"lazy\" decoding=\"async\" class=\"aligncenter wp-image-699\" src=\"http:\/\/destinycaribbeantours.com\/wp-content\/uploads\/2025\/01\/LogoMitur-2.svg\" alt=\"\" width=\"225\" height=\"50\" \/><\/a><\/p>","protected":false},"excerpt":{"rendered":"<p>Swim with two dolphins simultaneously, enjoy acrobatics such as foot push and dorsal tow, and explore the marine life with sharks and rays - an unforgettable adventure! \ud83c\udf0a<\/p>","protected":false},"featured_media":2593,"comment_status":"open","ping_status":"closed","template":"","meta":{"_acf_changed":false,"actividades_incluidas":"","faqs":{"item-0":{"pregunta_faqs":"\u00bfQu\u00e9 incluye la experiencia?","respuesta_faqs":"<p>La experiencia incluye:<\/p>\n<ul>\n<li>Interacci\u00f3n con <strong>dos delfines simult\u00e1neamente<\/strong>.<\/li>\n<li>Actividades como el \"foot push\" y el \"dorsal tow\".<\/li>\n<li>Nado y snorkel con tiburones y rayas.<\/li>\n<li>Uso de chalecos salvavidas y equipo necesario.<\/li>\n<li>Charla educativa sobre delfines y conservaci\u00f3n marina.<\/li>\n<\/ul>\n"},"item-1":{"pregunta_faqs":"\u00bfCu\u00e1nto tiempo dura la actividad?","respuesta_faqs":"<p>La experiencia completa tiene una duraci\u00f3n aproximada de <strong>50 minutos en el agua<\/strong>, m\u00e1s el tiempo adicional para la charla educativa y orientaci\u00f3n.<\/p>\n"},"item-2":{"pregunta_faqs":"\u00bfEs apta para todas las edades?","respuesta_faqs":"<ul>\n<li><strong>Altura m\u00ednima:<\/strong> 110 cm.<\/li>\n<li>Los ni\u00f1os menores de 120 cm deben estar acompa\u00f1ados por un adulto.<\/li>\n<li><strong>Restricci\u00f3n:<\/strong> No se permite la participaci\u00f3n de mujeres embarazadas.<\/li>\n<\/ul>\n"},"item-3":{"pregunta_faqs":"\u00bfQu\u00e9 debo llevar?","respuesta_faqs":"<p>Recomendamos traer:<\/p>\n<ul>\n<li>Traje de ba\u00f1o y toalla.<\/li>\n<li>Protector solar biodegradable.<\/li>\n<li>Dinero en efectivo para fotograf\u00edas o videos opcionales.<\/li>\n<\/ul>\n"},"item-4":{"pregunta_faqs":"\u00bfQu\u00e9 diferencia este tour de otros programas con delfines?","respuesta_faqs":"<p>El <strong>Dolphin Royal Swim<\/strong> es el programa m\u00e1s completo, ya que permite interactuar con <strong>dos delfines al mismo tiempo<\/strong>, realizar actividades din\u00e1micas como el \"foot push\" y a\u00f1adir una experiencia \u00fanica de snorkel con tiburones y rayas.<\/p>\n"},"item-5":{"pregunta_faqs":"\u00bfPuedo adquirir fotograf\u00edas o videos de la experiencia?","respuesta_faqs":"<p>S\u00ed, podr\u00e1s adquirir fotograf\u00edas y videos de tu interacci\u00f3n con los delfines por un costo adicional.<\/p>\n"}},"lugares_que_se_visitan":{"item-0":{"titulo_lugares_que_se_visitan":"\ud83d\udc2c \u00c1rea Interactiva con Delfines","descripci\u00f3n_del_lugar":"<p>Sum\u00e9rgete en una laguna dise\u00f1ada para la interacci\u00f3n con delfines, donde podr\u00e1s:<\/p>\n<ul>\n<li>Nadar con <strong>dos delfines simult\u00e1neamente<\/strong>.<\/li>\n<li>Disfrutar de actividades emocionantes como el \"foot push\" y el \"dorsal tow\".<\/li>\n<li>Crear recuerdos inolvidables en un entorno seguro y controlado.<\/li>\n<\/ul>\n","imagen_del_lugar":"1046","titulo_de_la_imagen":"Area interactiva con delfines"}},"imagen_hero_excursiones":"1044","consideraciones":"","consejos":"","lugares_que_se_visitan_2":{"item-0":{"titulo_lugares_que_se_visitan_2":"\u00c1rea de Snorkel con Tiburones y Rayas","descripci\u00f3n_del_lugar_2":"<p>A\u00f1ade una dosis de aventura explorando la vida marina en compa\u00f1\u00eda de tiburones y rayas. Esta actividad se realiza bajo la supervisi\u00f3n de expertos para garantizar tu seguridad.<\/p>\n","imagen_del_lugar_2":"1047","titulo_de_la_imagen":"Interactua con la diversa fauna marina"}},"lugares_que_se_visitan_3":{"item-0":{"titulo_lugares_que_se_visitan_3":"\ud83c\udf34 Zona de Relajaci\u00f3n y Observaci\u00f3n","descripci\u00f3n_del_lugar_3":"<p>Despu\u00e9s de las actividades, rel\u00e1jate en un entorno tropical dise\u00f1ado para tu comodidad. Observa c\u00f3mo los delfines interact\u00faan en su h\u00e1bitat mientras disfrutas del paisaje y del ambiente tranquilo.<\/p>\n","imagen_del_lugar_3":"920","titulo_de_la_imagen_3":"Zona de relajaci\u00f3n luego de disfrutar de la vida marina"}},"que_incluye":{"item-0":{"que_incluye":"<p>\ud83d\udc2c <strong>Interacci\u00f3n con dos delfines<\/strong><br \/>\nDisfruta de actividades \u00fanicas como el \"foot push\" y el \"dorsal tow\" con dos delfines simult\u00e1neamente, creando una conexi\u00f3n especial.<\/p>\n<p>\u23f1\ufe0f <strong>Tiempo en el agua<\/strong><br \/>\nAproximadamente <strong>50 minutos<\/strong> de interacci\u00f3n directa con los delfines, m\u00e1s tiempo adicional para la charla educativa.<\/p>\n<p>\ud83c\udf0a <strong>Snorkel con tiburones y rayas<\/strong><br \/>\nA\u00f1ade emoci\u00f3n a tu experiencia explorando la vida marina en un entorno seguro.<\/p>\n<p>\ud83c\udfbd <strong>Equipo incluido<\/strong><br \/>\nProporcionamos chalecos salvavidas y todo lo necesario para tu seguridad durante la actividad.<\/p>\n<p>\ud83d\udcda <strong>Charla educativa<\/strong><br \/>\nAprende sobre el comportamiento, anatom\u00eda y conservaci\u00f3n de los delfines con expertos.<\/p>\n<p>\ud83d\ude90 <strong>Transporte c\u00f3modo y seguro<\/strong><br \/>\nIncluye recogida y regreso desde tu hotel en veh\u00edculos con aire acondicionado.<\/p>\n<p>\ud83d\ude4b\ud83c\udffd\u200d\u2642\ufe0f <strong>Gu\u00eda profesional<\/strong><br \/>\nAcompa\u00f1ado por expertos que estar\u00e1n contigo en todo momento para garantizar una experiencia segura e inolvidable.<\/p>\n","titulo_que_incluye":"Qu\u00e9 incluye Dolphin Royal Swim"},"item-1":{"que_incluye":"<p>\u2705 <strong>Tour operado exclusivamente por Destiny Caribbean Tours<\/strong><br \/>\nSin intermediarios ni venta en otras agencias. Este es un tour exclusivo para quienes reservan directamente con nosotros, garantizando calidad y atenci\u00f3n personalizada.<\/p>\n<p>\ud83d\udc2c <strong>La experiencia m\u00e1s completa con delfines<\/strong><br \/>\nInteract\u00faa con <strong>dos delfines simult\u00e1neamente<\/strong> en actividades \u00fanicas como el \"foot push\" y el \"dorsal tow\".<\/p>\n<p>\u231b <strong>M\u00e1s tiempo con los delfines que otros programas<\/strong><br \/>\nDisfruta de aproximadamente <strong>50 minutos en el agua<\/strong>, asegurando una experiencia enriquecedora y divertida.<\/p>\n<p>\ud83c\udf0a <strong>Explora m\u00e1s con snorkel<\/strong><br \/>\nA\u00f1ade una dosis de aventura a tu d\u00eda nadando y haciendo snorkel con tiburones y rayas en un entorno controlado y seguro.<\/p>\n<p>\ud83d\udcda <strong>Charla educativa y aprendizaje<\/strong><br \/>\nAprende sobre la anatom\u00eda, comportamiento y conservaci\u00f3n de los delfines con gu\u00edas expertos que har\u00e1n de esta una experiencia significativa.<\/p>\n<p>\ud83d\ude90 <strong>Transporte c\u00f3modo y seguro<\/strong><br \/>\nIncluye recogida y regreso desde tu hotel para que tu \u00fanica preocupaci\u00f3n sea disfrutar.<\/p>\n<p>\ud83c\udf1f <strong>El programa mejor valorado por nuestros clientes<\/strong><br \/>\nM\u00e1s de <strong>500 rese\u00f1as positivas en Google<\/strong> avalan nuestra calidad y compromiso con la satisfacci\u00f3n de los participantes.<\/p>\n<p>Descubre por qu\u00e9 el <strong>Dolphin Royal Swim<\/strong> es la experiencia m\u00e1s completa y emocionante para los amantes de la vida marina. \ud83d\udc2c\u2728<\/p>\n","titulo_que_incluye":"\u00bfPor qu\u00e9 elegir Dolphin Royal Swim con Destiny Caribbean Tours?"},"item-2":{"que_incluye":"<p class=\"brxe-ejpgar brxe-heading\"><span style=\"font-size: 16px\">\u267f <\/span><strong style=\"font-size: 16px\">Accesibilidad<br \/>\n<\/strong>NO Apto para personas en silla de ruedas.<\/p>\n<div class=\"brxe-mgopyq brxe-text\">\n<p>\ud83d\udc76\u00a0<strong>Edad m\u00ednima requerida<\/strong><br \/>\nEste tour es para\u00a0<strong>todas las edades, sin incluir beb\u00e9s<\/strong>.<\/p>\n<p>\u26a0\ufe0f\u00a0<strong>Recomendaciones de salud<\/strong><br \/>\nNo recomendado para personas con\u00a0<strong>dolor de espalda severo<\/strong>.<\/p>\n<p>\ud83d\udeab\u00a0<strong>Embarazadas<\/strong><br \/>\nPor seguridad, este tour\u00a0<strong>no est\u00e1 permitido para mujeres embarazadas<\/strong>.<\/p>\n<\/div>\n","titulo_que_incluye":"Consideraciones"}}},"product_brand":[],"product_cat":[30],"product_tag":[],"tipo-de-excursion":[57],"duracion":[55],"idiomas-disponibles":[],"actividad":[50],"destino":[],"class_list":{"0":"post-1037","1":"product","2":"type-product","3":"status-publish","4":"has-post-thumbnail","6":"product_cat-excursiones","7":"tipo-de-excursion-publico","8":"duracion-medio-dia","9":"actividad-delfines","11":"first","12":"instock","13":"virtual","14":"sold-individually","15":"taxable","16":"purchasable","17":"product-type-booking"},"booking_location":"","booking_location_type":"","booking_duration":1,"booking_duration_unit":"day","booking_buffer":0,"booking_cost":0,"booking_resources":[],"acf":[],"_links":{"self":[{"href":"https:\/\/destinycaribbeantours.com\/en\/wp-json\/wp\/v2\/product\/1037","targetHints":{"allow":["GET"]}}],"collection":[{"href":"https:\/\/destinycaribbeantours.com\/en\/wp-json\/wp\/v2\/product"}],"about":[{"href":"https:\/\/destinycaribbeantours.com\/en\/wp-json\/wp\/v2\/types\/product"}],"replies":[{"embeddable":true,"href":"https:\/\/destinycaribbeantours.com\/en\/wp-json\/wp\/v2\/comments?post=1037"}],"version-history":[{"count":2,"href":"https:\/\/destinycaribbeantours.com\/en\/wp-json\/wp\/v2\/product\/1037\/revisions"}],"predecessor-version":[{"id":2594,"href":"https:\/\/destinycaribbeantours.com\/en\/wp-json\/wp\/v2\/product\/1037\/revisions\/2594"}],"wp:featuredmedia":[{"embeddable":true,"href":"https:\/\/destinycaribbeantours.com\/en\/wp-json\/wp\/v2\/media\/2593"}],"wp:attachment":[{"href":"https:\/\/destinycaribbeantours.com\/en\/wp-json\/wp\/v2\/media?parent=1037"}],"wp:term":[{"taxonomy":"product_brand","embeddable":true,"href":"https:\/\/destinycaribbeantours.com\/en\/wp-json\/wp\/v2\/product_brand?post=1037"},{"taxonomy":"product_cat","embeddable":true,"href":"https:\/\/destinycaribbeantours.com\/en\/wp-json\/wp\/v2\/product_cat?post=1037"},{"taxonomy":"product_tag","embeddable":true,"href":"https:\/\/destinycaribbeantours.com\/en\/wp-json\/wp\/v2\/product_tag?post=1037"},{"taxonomy":"tipo-de-excursion","embeddable":true,"href":"https:\/\/destinycaribbeantours.com\/en\/wp-json\/wp\/v2\/tipo-de-excursion?post=1037"},{"taxonomy":"duracion","embeddable":true,"href":"https:\/\/destinycaribbeantours.com\/en\/wp-json\/wp\/v2\/duracion?post=1037"},{"taxonomy":"idiomas-disponibles","embeddable":true,"href":"https:\/\/destinycaribbeantours.com\/en\/wp-json\/wp\/v2\/idiomas-disponibles?post=1037"},{"taxonomy":"actividad","embeddable":true,"href":"https:\/\/destinycaribbeantours.com\/en\/wp-json\/wp\/v2\/actividad?post=1037"},{"taxonomy":"destino","embeddable":true,"href":"https:\/\/destinycaribbeantours.com\/en\/wp-json\/wp\/v2\/destino?post=1037"}],"curies":[{"name":"wp","href":"https:\/\/api.w.org\/{rel}","templated":true}]}}