{"id":1619,"date":"2025-01-18T09:03:38","date_gmt":"2025-01-18T09:03:38","guid":{"rendered":"https:\/\/mediumseagreen-hyena-321393.hostingersite.com\/?post_type=product&#038;p=1619"},"modified":"2026-04-18T16:32:26","modified_gmt":"2026-04-18T20:32:26","slug":"coco-bongo-regular-pack","status":"publish","type":"product","link":"https:\/\/destinycaribbeantours.com\/en\/product\/coco-bongo-regular-pack\/","title":{"rendered":"Coco Bongo Regular Pack"},"content":{"rendered":"<h2>He\ud83c\udfad Coco Bongo Regular Pack<\/h2>\n<p>Experience the most spectacular night at Coco Bongo, where music, lights and Broadway-style performances combine in a high-energy atmosphere. This regular package gives you access to a unique show and unlimited drinks to experience the magic of an unforgettable night. \ud83c\udfb6\ud83c\udf79<\/p>\n<p>\ud83c\udf1f What does this experience include?<\/p>\n<ul>\n<li>General admission to the Coco Bongo show.<\/li>\n<li>Unlimited domestic beverages throughout the night.<\/li>\n<li>An impressive show with acrobatics, music and live performances.<\/li>\n<\/ul>\n<h4><span style=\"color: #141750;\">Duration: 5\/8 hours<\/span><\/h4>","protected":false},"excerpt":{"rendered":"<p>Enjoy a spectacular night with the Coco Bongo Regular Pack: general access to the show, unlimited drinks and an atmosphere full of energy and magic.<\/p>","protected":false},"featured_media":2574,"comment_status":"open","ping_status":"closed","template":"","meta":{"_acf_changed":false,"actividades_incluidas":{"item-0":{"icono_actividad":"","actividades_checkbox":["paquetes"]}},"faqs":{"item-0":{"pregunta_faqs":"\u00bfEs apto para menores de edad?","respuesta_faqs":"<p>No, el acceso es exclusivamente para mayores de 18 a\u00f1os.<\/p>\n"},"item-1":{"pregunta_faqs":"\u00bfQu\u00e9 incluye el paquete regular?","respuesta_faqs":"<p>Entrada general, bebidas ilimitadas nacionales y acceso al espect\u00e1culo.<\/p>\n"},"item-2":{"pregunta_faqs":"\u00bfEl transporte est\u00e1 incluido?","respuesta_faqs":"<p>El transporte es opcional, consulta tarifas y disponibilidad al reservar.<\/p>\n"},"item-3":{"pregunta_faqs":"\u00bfCu\u00e1l es el c\u00f3digo de vestimenta?","respuesta_faqs":"<p>Ropa c\u00f3moda pero casual. No se permite el ingreso con sandalias o ropa de playa.<\/p>\n"},"item-4":{"pregunta_faqs":"\u00bfQu\u00e9 pasa si llego tarde?","respuesta_faqs":"<p>Te recomendamos llegar temprano para aprovechar al m\u00e1ximo la experiencia. El show inicia puntualmente.<\/p>\n"}},"lugares_que_se_visitan":{"item-0":{"titulo_lugares_que_se_visitan":"Show en Vivo de Clase Mundial","descripci\u00f3n_del_lugar":"<p>\ud83c\udfad\u2728 <strong>Espect\u00e1culos inolvidables<\/strong>: Disfruta de impresionantes actuaciones en vivo que combinan acrobacias, m\u00fasica, luces y proyecciones. Una noche llena de energ\u00eda que te har\u00e1 sentir parte del show. \ud83c\udfb6\ud83d\udc83<\/p>\n","imagen_del_lugar":"1799","titulo_de_la_imagen":""}},"imagen_hero_excursiones":"1626","consideraciones":"","consejos":"","lugares_que_se_visitan_2":{"item-0":{"titulo_lugares_que_se_visitan_2":"Ambiente de Fiesta","descripci\u00f3n_del_lugar_2":"<p>\ud83c\udf89\ud83c\udf79 <strong>Diversi\u00f3n sin l\u00edmites<\/strong>: Vive el vibrante ambiente de Coco Bongo, con m\u00fasica, baile y una experiencia inmersiva en el coraz\u00f3n de la vida nocturna dominicana. \ud83e\udd73\ud83c\udf1f<\/p>\n","imagen_del_lugar_2":"1800","titulo_de_la_imagen":""}},"lugares_que_se_visitan_3":{"item-0":{"titulo_lugares_que_se_visitan_3":"Regular Pack","descripci\u00f3n_del_lugar_3":"<p>\ud83c\udf9f\ufe0f\ud83c\udfb6 <strong>Acceso general al espect\u00e1culo<\/strong>: Vive toda la magia de Coco Bongo desde el \u00e1rea general, disfrutando del mismo incre\u00edble show y ambiente de fiesta. \ud83c\udf89\ud83d\udd0a<\/p>\n","imagen_del_lugar_3":"1626","titulo_de_la_imagen_3":""}},"que_incluye":{"item-0":{"que_incluye":"<ul>\n<li>\ud83c\udfad <strong>Acceso General:<\/strong> Entrada al famoso show de Coco Bongo.<\/li>\n<li>\ud83c\udf79 <strong>Bebidas Ilimitadas:<\/strong> Barra libre de bebidas nacionales.<\/li>\n<li>\ud83c\udfb6 <strong>Show en Vivo:<\/strong> Performances espectaculares con acrobacias y m\u00fasica en vivo.<\/li>\n<li>\ud83c\udf1f <strong>Ambiente Inigualable:<\/strong> Una experiencia \u00fanica llena de energ\u00eda y diversi\u00f3n.<\/li>\n<\/ul>\n","titulo_que_incluye":"\u00bfQu\u00e9 incluye?"},"item-1":{"que_incluye":"<ul>\n<li>\ud83c\udfad <strong>Espect\u00e1culo \u00danico:<\/strong> Coco Bongo es reconocido por su espect\u00e1culo incomparable.<\/li>\n<li>\ud83c\udf79 <strong>Bebidas Ilimitadas:<\/strong> Disfruta de barra libre durante toda la noche.<\/li>\n<li>\ud83c\udfb6 <strong>Ambiente Energ\u00e9tico:<\/strong> M\u00fasica, luces y diversi\u00f3n en cada momento.<\/li>\n<li>\ud83d\udcf8 <strong>Perfecto para Fotos:<\/strong> Captura momentos inolvidables con tus amigos.<\/li>\n<\/ul>\n","titulo_que_incluye":"\u00bfPor qu\u00e9 elegir ir a Coco Bongo con Destiny Caribbean Tours?"},"item-2":{"que_incluye":"<ul>\n<li>\ud83d\udc76 <strong>Edad m\u00ednima:<\/strong> Mayores de 18 a\u00f1os \u00fanicamente.<\/li>\n<li>\ud83e\uddf4 <strong>Recomendaciones:<\/strong> Lleva tu identificaci\u00f3n oficial, ropa c\u00f3moda y energ\u00eda para bailar toda la noche.<\/li>\n<li>\ud83d\udeab <strong>No recomendado:<\/strong> Para personas sensibles a luces fuertes o ruido intenso.<\/li>\n<\/ul>\n","titulo_que_incluye":"Consideraciones"}}},"product_brand":[],"product_cat":[30],"product_tag":[],"tipo-de-excursion":[57],"duracion":[56],"idiomas-disponibles":[],"actividad":[49],"destino":[],"class_list":{"0":"post-1619","1":"product","2":"type-product","3":"status-publish","4":"has-post-thumbnail","6":"product_cat-excursiones","7":"tipo-de-excursion-publico","8":"duracion-noche","9":"actividad-fiesta","11":"first","12":"instock","13":"virtual","14":"sold-individually","15":"taxable","16":"purchasable","17":"product-type-booking"},"booking_location":"","booking_location_type":"","booking_duration":1,"booking_duration_unit":"day","booking_buffer":0,"booking_cost":0,"booking_resources":[],"acf":[],"_links":{"self":[{"href":"https:\/\/destinycaribbeantours.com\/en\/wp-json\/wp\/v2\/product\/1619","targetHints":{"allow":["GET"]}}],"collection":[{"href":"https:\/\/destinycaribbeantours.com\/en\/wp-json\/wp\/v2\/product"}],"about":[{"href":"https:\/\/destinycaribbeantours.com\/en\/wp-json\/wp\/v2\/types\/product"}],"replies":[{"embeddable":true,"href":"https:\/\/destinycaribbeantours.com\/en\/wp-json\/wp\/v2\/comments?post=1619"}],"version-history":[{"count":4,"href":"https:\/\/destinycaribbeantours.com\/en\/wp-json\/wp\/v2\/product\/1619\/revisions"}],"predecessor-version":[{"id":24417,"href":"https:\/\/destinycaribbeantours.com\/en\/wp-json\/wp\/v2\/product\/1619\/revisions\/24417"}],"wp:featuredmedia":[{"embeddable":true,"href":"https:\/\/destinycaribbeantours.com\/en\/wp-json\/wp\/v2\/media\/2574"}],"wp:attachment":[{"href":"https:\/\/destinycaribbeantours.com\/en\/wp-json\/wp\/v2\/media?parent=1619"}],"wp:term":[{"taxonomy":"product_brand","embeddable":true,"href":"https:\/\/destinycaribbeantours.com\/en\/wp-json\/wp\/v2\/product_brand?post=1619"},{"taxonomy":"product_cat","embeddable":true,"href":"https:\/\/destinycaribbeantours.com\/en\/wp-json\/wp\/v2\/product_cat?post=1619"},{"taxonomy":"product_tag","embeddable":true,"href":"https:\/\/destinycaribbeantours.com\/en\/wp-json\/wp\/v2\/product_tag?post=1619"},{"taxonomy":"tipo-de-excursion","embeddable":true,"href":"https:\/\/destinycaribbeantours.com\/en\/wp-json\/wp\/v2\/tipo-de-excursion?post=1619"},{"taxonomy":"duracion","embeddable":true,"href":"https:\/\/destinycaribbeantours.com\/en\/wp-json\/wp\/v2\/duracion?post=1619"},{"taxonomy":"idiomas-disponibles","embeddable":true,"href":"https:\/\/destinycaribbeantours.com\/en\/wp-json\/wp\/v2\/idiomas-disponibles?post=1619"},{"taxonomy":"actividad","embeddable":true,"href":"https:\/\/destinycaribbeantours.com\/en\/wp-json\/wp\/v2\/actividad?post=1619"},{"taxonomy":"destino","embeddable":true,"href":"https:\/\/destinycaribbeantours.com\/en\/wp-json\/wp\/v2\/destino?post=1619"}],"curies":[{"name":"wp","href":"https:\/\/api.w.org\/{rel}","templated":true}]}}