{"id":498,"date":"2025-04-16T00:25:09","date_gmt":"2025-04-16T00:25:09","guid":{"rendered":"https:\/\/magical-keldysh.34-175-131-107.plesk.page\/?post_type=product&#038;p=498"},"modified":"2026-04-08T05:45:29","modified_gmt":"2026-04-08T09:45:29","slug":"isla-saona-vip","status":"publish","type":"product","link":"https:\/\/destinycaribbeantours.com\/en\/product\/isla-saona-vip\/","title":{"rendered":"Saona Island VIP"},"content":{"rendered":"<h2 style=\"text-align: left;\"><span style=\"color: #141750;\">\ud83c\udf34 <strong>Saona VIP Excursion: The Most Complete Excursion<\/strong> \ud83c\udf0a<\/span><\/h2>\n<p><strong>Destiny Caribbean Tours<\/strong> invites you to explore the best and most beautiful beaches of Saona Island:<\/p>\n<ul>\n<li>\n<h4><span style=\"color: #141750;\">\ud83e\udda9 <strong>Flamingo Beach<\/strong><\/span><\/h4>\n<\/li>\n<li>\n<h4><span style=\"color: #141750;\">\ud83c\udf34 <strong>Mano Juan Beach<\/strong><\/span><\/h4>\n<\/li>\n<li>\n<h4><span style=\"color: #141750;\">\ud83c\udfd6\ufe0f <strong>Canto Beach<\/strong><\/span><\/h4>\n<\/li>\n<\/ul>\n<h4><span style=\"color: #141750;\">Duration: 9\/10 hours<\/span><\/h4>\n<p><a href=\"https:\/\/www.destinycaribbeantours.com\/wp-content\/uploads\/2025\/01\/LogoMitur-2.svg\"><img loading=\"lazy\" decoding=\"async\" class=\"aligncenter wp-image-699\" src=\"https:\/\/www.destinycaribbeantours.com\/wp-content\/uploads\/2025\/01\/LogoMitur-2.svg\" alt=\"\" width=\"225\" height=\"50\" \/><\/a><\/p>","protected":false},"excerpt":{"rendered":"<p>Saona Vip, without a doubt the definition of this excursion is too small, Destiny Caribbean Tours offers you the possibility to visit what is considered the best and most beautiful beach of Saona Island, Playa del Canto.<\/p>","protected":false},"featured_media":5946,"comment_status":"open","ping_status":"closed","template":"","meta":{"_acf_changed":false,"actividades_incluidas":{"item-0":{"icono_actividad":"fa fa-check","actividades_checkbox":["snorkel"]},"item-1":{"icono_actividad":"fa fa-music","actividades_checkbox":["playa"]},"item-2":{"icono_actividad":"fa fa-heart","actividades_checkbox":["aventura"]}},"faqs":{"item-0":{"pregunta_faqs":" \u00bfQu\u00e9 incluye el tour Isla Saona VIP?","respuesta_faqs":"<p>El tour Isla Saona VIP incluye:<\/p>\n<p>Transporte en lancha r\u00e1pida \ud83d\udea4.<br \/>\nParada en las piscinas naturales \ud83c\udf1f.<br \/>\nVisita a las playas m\u00e1s exclusivas, como Playa del Canto y Mano Juan \ud83c\udfd6\ufe0f.<br \/>\nAlmuerzo buffet con opciones variadas \ud83c\udf74.<br \/>\nGu\u00eda especializado durante todo el recorrido.<br \/>\nUnidades limitadas de equipos de snorkeling, se recomienda traer equipo propio\ud83e\udd3f.<\/p>\n"},"item-1":{"pregunta_faqs":"\u00bfEs seguro realizar snorkel en Isla Saona?","respuesta_faqs":"<p>\u00a1Absolutamente! \ud83d\udc1f Las \u00e1reas de snorkel en Isla Saona est\u00e1n seleccionadas por su seguridad y belleza. Siempre tendr\u00e1s el apoyo de gu\u00edas expertos y equipo de calidad para disfrutar al m\u00e1ximo del arrecife.<\/p>\n"},"item-2":{"pregunta_faqs":" \u00bfQu\u00e9 debo llevar al tour Isla Saona VIP?","respuesta_faqs":"<p>Para disfrutar de la experiencia, recomendamos llevar:<\/p>\n<p>Traje de ba\u00f1o y toalla \ud83e\ude71.<br \/>\nProtector solar biodegradable \ud83c\udf1e.<br \/>\nC\u00e1mara acu\u00e1tica o impermeable \ud83d\udcf8.<br \/>\nRopa ligera y un cambio extra \ud83d\udc55.<br \/>\nEfectivo para compras adicionales \ud83d\udcb0.<\/p>\n"},"item-3":{"pregunta_faqs":"\u00bfCu\u00e1nto dura el tour Isla Saona VIP?","respuesta_faqs":"<p>El tour tiene una duraci\u00f3n aproximada de 8 horas, comenzando desde Bayahibe por la ma\u00f1ana y regresando por la tarde.<\/p>\n"},"item-4":{"pregunta_faqs":" \u00bfEs apto para ni\u00f1os y personas mayores?","respuesta_faqs":"<p>El tour est\u00e1 dise\u00f1ado para la mayor\u00eda de las edades, pero no se recomienda para:<\/p>\n<p>Ni\u00f1os menores de 1 a\u00f1o \ud83d\udc76.<br \/>\nMujeres embarazadas \ud83e\udd30.<br \/>\nPersonas con problemas de movilidad o espalda.<\/p>\n"},"item-5":{"pregunta_faqs":"\u00bfQu\u00e9 diferencia tiene el tour Isla Saona VIP con los tours regulares?","respuesta_faqs":"<p>El tour Isla Saona VIP ofrece una experiencia m\u00e1s completa y exclusiva:<\/p>\n<p>Visita playas menos concurridas como Playa del Canto \ud83c\udf34.<br \/>\nAcceso a las piscinas naturales con estrellas de mar gigantes \ud83c\udf1f.<br \/>\nParadas especiales como el Santuario de Tortugas Marinas \ud83d\udc22.<br \/>\nTransporte en lancha r\u00e1pida para maximizar el tiempo de disfrute \ud83d\udea4.<\/p>\n"}},"lugares_que_se_visitan":{"item-0":{"titulo_lugares_que_se_visitan":"Playa de los flamencos, una de las playas m\u00e1s bellas de toda Rep\u00fablica Dominicana","descripci\u00f3n_del_lugar":"<p>\ud83c\udf34 <strong>Playa de los Flamencos: Un para\u00edso escondido<\/strong><\/p>\n<p>Disfruta de una playa de arena blanca, aguas cristalinas y una impresionante laguna poco profunda, hogar de los flamencos, de ah\u00ed viene su nombre. Un lugar \u00fanico donde la naturaleza y la tranquilidad se unen.\ud83c\udfd6\ufe0f\u2728<\/p>\n<p><strong>Qu\u00e9 encontrar\u00e1s aqu\u00ed:<\/strong><\/p>\n<ul>\n<li>\ud83d\udc1a Arena blanca y aguas turquesas.<\/li>\n<li>\ud83e\udda9 Observaci\u00f3n de flamencos en su h\u00e1bitat natural (aplica solo en fechas espec\u00edficas)<\/li>\n<li>\ud83c\udf3f Vegetaci\u00f3n exuberante y paisajes \u00fanicos.<\/li>\n<li>\ud83d\udef6 Tranquilidad y conexi\u00f3n con la naturaleza.<\/li>\n<\/ul>\n","imagen_del_lugar":"679","titulo_de_la_imagen":"Llegando a Playa de los Flamencos"}},"imagen_hero_excursiones":"298","consideraciones":"","consejos":"","lugares_que_se_visitan_2":{"item-0":{"titulo_lugares_que_se_visitan_2":"Mano Juan","descripci\u00f3n_del_lugar_2":"<p>\ud83d\udd5b <strong>Mano Juan: Un rinc\u00f3n lleno de historia y belleza<\/strong><br \/>\nEste pintoresco pueblo, fundado en 1944, combina la autenticidad de su gente con la majestuosidad del Mar Caribe. \ud83c\udf0a Aqu\u00ed podr\u00e1s disfrutar de experiencias \u00fanicas en un entorno natural privilegiado.<\/p>\n<p><strong>Qu\u00e9 no te puedes perder:<\/strong><\/p>\n<ul>\n<li>\ud83c\udf74 Un delicioso y variado almuerzo frente al mar.<\/li>\n<li>\ud83d\udc22 Visita al santuario de tortugas marinas, un lugar \u00fanico.<\/li>\n<li>\ud83c\udf3f Relax en uno de los rincones m\u00e1s tranquilos de la isla.<\/li>\n<li>\ud83c\udfd8\ufe0f Paseo por un pueblo lleno de historia y tradici\u00f3n.<\/li>\n<\/ul>\n","imagen_del_lugar_2":"688","titulo_de_la_imagen":"Playa de Mano Juan"}},"lugares_que_se_visitan_3":{"item-0":{"titulo_lugares_que_se_visitan_3":"Canto de la Playa, la playa m\u00e1s hermosa y transparente de la Saona","descripci\u00f3n_del_lugar_3":"<p>Canto de la Playa: El para\u00edso escondido<\/p>\n<p>La \u00faltima parada en la isla, este rinc\u00f3n ofrece aguas cristalinas y un arrecife de coral perfecto para snorkel. \ud83c\udf34 Con muy pocas excursiones que llegan hasta aqu\u00ed, es el lugar ideal para desconectar en la naturaleza.<\/p>\n<h4><strong>Qu\u00e9 hace <span style=\"color: #141750\">especial<\/span> este lugar:<\/strong><\/h4>\n<ul>\n<li>\ud83d\udc20 Snorkel en aguas claras y tranquilas rodeadas de corales.<\/li>\n<li>\ud83e\udd65 Rel\u00e1jate bajo infinitas palmeras de coco.<\/li>\n<li>\ud83c\udf4d Disfruta de brochetas de frutas tropicales al aire libre.<\/li>\n<li>\ud83c\udf0a Descubre un rinc\u00f3n exclusivo y lejos de las multitudes.<\/li>\n<\/ul>\n","imagen_del_lugar_3":"691","titulo_de_la_imagen_3":"Llegando a Canto de la Playa"}},"que_incluye":{"item-0":{"que_incluye":"<p><strong>\ud83d\udea4 Lancha R\u00e1pida<\/strong><br \/>\nDisfruta de un viaje emocionante desde Bayahibe a Isla Saona.<br \/>\nEl viaje se realiza en lancha r\u00e1pida y motomaran, con un l\u00edmite de pasajeros seguro para la actividad.<br \/>\nDisponemos de embarcaciones tipo motomar\u00e1n, muy c\u00f3modas.<\/p>\n<p><strong>\u23f1\ufe0f Tiempo Extra en Isla Saona<\/strong><br \/>\nEstancia prolongada de m\u00e1s de 9 horas en la experiencia VIP (\u00a1el doble que el tour en catamar\u00e1n!).<\/p>\n<p><strong>\ud83d\udccd Lugares que visitar\u00e1s<\/strong><\/p>\n<ul>\n<li>\u00c1rea protegida de los manglares<\/li>\n<li>Playa El Canto<\/li>\n<li>Mano Juan y su hermosa playa<\/li>\n<li>Santuario de Tortugas<\/li>\n<li>Playa Flamenco<\/li>\n<li>Piscina Natural<\/li>\n<\/ul>\n<p><strong>\ud83c\udf5b Comida<\/strong><br \/>\nDelicioso almuerzo t\u00edpico dominicano tipo buf\u00e9, frente al Mar Caribe.<\/p>\n<p><strong>\ud83c\udf79 Bebidas<\/strong><br \/>\nIncluye agua, refrescos y Ron Barcel\u00f3 o Brugal.<\/p>\n<p><strong>\udb81\ude8f Gu\u00eda Nacional Oficial<\/strong><br \/>\nAcompa\u00f1ado por un gu\u00eda certificado del Ministerio de Turismo.<\/p>\n","titulo_que_incluye":"\u00bfQu\u00e9 incluye?"},"item-1":{"que_incluye":"<p><strong>\u2705 Una experiencia exclusiva, sin intermediarios<\/strong><br \/>\nEste tour lo operamos de manera directa, sin agencias externas ni ventas en hoteles. Solo quienes reservan a trav\u00e9s de nuestra web pueden disfrutar de este recorrido exclusivo, asegurando un servicio personalizado y de primer nivel.<\/p>\n<p><strong>\ud83d\udc65 Grupos reducidos para una experiencia m\u00e1s \u00edntima<\/strong><br \/>\nViajamos en grupos\u00a0 con un m\u00e1ximo de personas por lancha. Esto significa menos esperas, trayectos m\u00e1s r\u00e1pidos y m\u00e1s tiempo para relajarte en las playas paradis\u00edacas de Isla Saona.<\/p>\n<p><strong>\u231b M\u00e1s horas en Isla Saona, m\u00e1s momentos inolvidables<\/strong><br \/>\nGracias a nuestras lanchas r\u00e1pidas, pasar\u00e1s m\u00e1s de 9 horas explorando este para\u00edso. Para que lo tengas claro: solo en una de nuestras paradas disfrutar\u00e1s m\u00e1s tiempo que lo que ofrecen otros tours en toda su excursi\u00f3n.<\/p>\n<p><strong>\ud83c\udf7d Almuerzo con vista al mar<\/strong><br \/>\nDisfruta de un buffet exclusivo frente al mar.<\/p>\n<p><strong>\ud83c\udf79 Bebidas Premium incluidas<\/strong><br \/>\nNada de opciones gen\u00e9ricas. Durante el tour, disfrutar\u00e1s de bebidas de alta calidad.<\/p>\n<p><strong>\ud83c\udfdd Exploramos playas v\u00edrgenes, lejos de las masas<\/strong><br \/>\nVisitamos rincones paradis\u00edacos donde solo llega el 3% de los turistas que visitan Isla Saona. Nada de playas abarrotadas de turistas. Aqu\u00ed la tranquilidad est\u00e1 garantizada.<\/p>\n<p><strong>\ud83c\udf05 Atardecer en Isla Saona, una experiencia \u00fanica<\/strong><br \/>\nNos quedamos hasta las 17:00, lo que te permite vivir los primeros destellos del atardecer en este para\u00edso. Entre octubre y abril, el espect\u00e1culo natural es simplemente inigualable.<\/p>\n<p><strong>\ud83c\udf1f El tour que enamora a quienes lo prueban<\/strong><br \/>\nNo es solo nuestra palabra, son las opiniones de quienes ya lo han vivido. Descubre por qu\u00e9 esta es una de las experiencias mejor valoradas y por qu\u00e9 te encantar\u00e1 cada momento de este viaje.<\/p>\n","titulo_que_incluye":"\u00bfPor qu\u00e9 elegir Isla Saona VIP con Destiny Caribbean Tours?"},"item-2":{"que_incluye":"<h4><span style=\"color: #141750\">\u267f <strong>Accesibilidad<\/strong><\/span><\/h4>\n<p>Apto para personas en silla de ruedas.<\/p>\n<p><span style=\"color: #141750\">\ud83d\udc76 <strong>Edad m\u00ednima requerida<\/strong><\/span><\/p>\n<p>Este tour es para <strong>todas las edades<\/strong>.<\/p>\n<p><span style=\"color: #141750\">\u26a0\ufe0f <strong>Recomendaciones de salud<\/strong><\/span><\/p>\n<p>No recomendado para personas con <strong>dolor de espalda severo<\/strong>.<\/p>\n<p><span style=\"color: #141750\">\ud83d\udeab <strong>Embarazadas<\/strong><\/span><\/p>\n<p>Por seguridad, este tour <strong>no est\u00e1 permitido para mujeres embarazadas<\/strong>.<\/p>\n","titulo_que_incluye":"Consideraciones"}}},"product_brand":[],"product_cat":[30],"product_tag":[],"tipo-de-excursion":[57],"duracion":[54],"idiomas-disponibles":[],"actividad":[46],"destino":[41],"class_list":{"0":"post-498","1":"product","2":"type-product","3":"status-publish","4":"has-post-thumbnail","6":"product_cat-excursiones","7":"tipo-de-excursion-publico","8":"duracion-dia-completo","9":"actividad-islas","10":"destino-isla-saona","12":"first","13":"instock","14":"virtual","15":"sold-individually","16":"taxable","17":"purchasable","18":"product-type-booking"},"booking_location":"","booking_location_type":"","booking_duration":1,"booking_duration_unit":"day","booking_buffer":0,"booking_cost":0,"booking_resources":[],"acf":[],"_links":{"self":[{"href":"https:\/\/destinycaribbeantours.com\/en\/wp-json\/wp\/v2\/product\/498","targetHints":{"allow":["GET"]}}],"collection":[{"href":"https:\/\/destinycaribbeantours.com\/en\/wp-json\/wp\/v2\/product"}],"about":[{"href":"https:\/\/destinycaribbeantours.com\/en\/wp-json\/wp\/v2\/types\/product"}],"replies":[{"embeddable":true,"href":"https:\/\/destinycaribbeantours.com\/en\/wp-json\/wp\/v2\/comments?post=498"}],"version-history":[{"count":6,"href":"https:\/\/destinycaribbeantours.com\/en\/wp-json\/wp\/v2\/product\/498\/revisions"}],"predecessor-version":[{"id":19856,"href":"https:\/\/destinycaribbeantours.com\/en\/wp-json\/wp\/v2\/product\/498\/revisions\/19856"}],"wp:featuredmedia":[{"embeddable":true,"href":"https:\/\/destinycaribbeantours.com\/en\/wp-json\/wp\/v2\/media\/5946"}],"wp:attachment":[{"href":"https:\/\/destinycaribbeantours.com\/en\/wp-json\/wp\/v2\/media?parent=498"}],"wp:term":[{"taxonomy":"product_brand","embeddable":true,"href":"https:\/\/destinycaribbeantours.com\/en\/wp-json\/wp\/v2\/product_brand?post=498"},{"taxonomy":"product_cat","embeddable":true,"href":"https:\/\/destinycaribbeantours.com\/en\/wp-json\/wp\/v2\/product_cat?post=498"},{"taxonomy":"product_tag","embeddable":true,"href":"https:\/\/destinycaribbeantours.com\/en\/wp-json\/wp\/v2\/product_tag?post=498"},{"taxonomy":"tipo-de-excursion","embeddable":true,"href":"https:\/\/destinycaribbeantours.com\/en\/wp-json\/wp\/v2\/tipo-de-excursion?post=498"},{"taxonomy":"duracion","embeddable":true,"href":"https:\/\/destinycaribbeantours.com\/en\/wp-json\/wp\/v2\/duracion?post=498"},{"taxonomy":"idiomas-disponibles","embeddable":true,"href":"https:\/\/destinycaribbeantours.com\/en\/wp-json\/wp\/v2\/idiomas-disponibles?post=498"},{"taxonomy":"actividad","embeddable":true,"href":"https:\/\/destinycaribbeantours.com\/en\/wp-json\/wp\/v2\/actividad?post=498"},{"taxonomy":"destino","embeddable":true,"href":"https:\/\/destinycaribbeantours.com\/en\/wp-json\/wp\/v2\/destino?post=498"}],"curies":[{"name":"wp","href":"https:\/\/api.w.org\/{rel}","templated":true}]}}